{"id":24,"date":"2021-10-07T13:52:04","date_gmt":"2021-10-07T11:52:04","guid":{"rendered":"http:\/\/gl.solutions\/?page_id=24"},"modified":"2025-10-09T11:13:53","modified_gmt":"2025-10-09T09:13:53","slug":"home","status":"publish","type":"page","link":"https:\/\/gl.solutions\/","title":{"rendered":"Home"},"content":{"rendered":"\t\t<div data-elementor-type=\"wp-page\" data-elementor-id=\"24\" class=\"elementor elementor-24\">\n\t\t\t\t\t\t<section class=\"elementor-section elementor-top-section elementor-element elementor-element-09494a8 elementor-section-boxed elementor-section-height-default elementor-section-height-default\" data-id=\"09494a8\" data-element_type=\"section\" data-e-type=\"section\">\n\t\t\t\t\t\t<div class=\"elementor-container elementor-column-gap-default\">\n\t\t\t\t\t<div class=\"elementor-column elementor-col-50 elementor-top-column elementor-element elementor-element-61746d5\" data-id=\"61746d5\" data-element_type=\"column\" data-e-type=\"column\">\n\t\t\t<div class=\"elementor-widget-wrap elementor-element-populated\">\n\t\t\t\t\t\t<div class=\"elementor-element elementor-element-1c6ee81 elementor-widget elementor-widget-heading\" data-id=\"1c6ee81\" data-element_type=\"widget\" data-e-type=\"widget\" data-widget_type=\"heading.default\">\n\t\t\t\t<div class=\"elementor-widget-container\">\n\t\t\t\t\t<h2 class=\"elementor-heading-title elementor-size-default\">Tout savoir sur l'entreprise GL Solutions<\/h2>\t\t\t\t<\/div>\n\t\t\t\t<\/div>\n\t\t\t\t<div class=\"elementor-element elementor-element-af26731 elementor-widget elementor-widget-text-editor\" data-id=\"af26731\" data-element_type=\"widget\" data-e-type=\"widget\" data-widget_type=\"text-editor.default\">\n\t\t\t\t<div class=\"elementor-widget-container\">\n\t\t\t\t\t\t\t\t\t<p><!-- \/wp:columns --><\/p>\n<div class=\"wp-block-columns container\">\n<p><!-- wp:column {\"className\":\"col-md-5\"} --><\/p>\n<div class=\"wp-block-column col-md-5\">\n<p><!-- wp:spacer {\"height\":55} --><!-- \/wp:spacer --><!-- wp:heading --><\/p>\n<h1><\/h1>\n<p><!-- \/wp:heading --><!-- wp:paragraph --><\/p>\n<p style=\"text-align: left;\">En 2017, Gurvan Loncle d\u00e9cide de lancer son entreprise, pour subvenir aux besoins grandissants de ses futurs clients. Depuis cette cr\u00e9ation, GL Solutions d\u00e9veloppe et am\u00e9liore le parc informatique de ses clients. \u00c0 l&rsquo;\u00e9coute, nos administrateurs syst\u00e8mes sont l\u00e0 pour r\u00e9pondre aux questions et demandes des clients. GL Solutions a fid\u00e9lis\u00e9 ses premiers clients et conquis de nouveaux. Une \u00e9quipe qui s&rsquo;est vue grandir, avec la forte demande de renforcement de la cybers\u00e9curit\u00e9 dans les entreprises. 4 ans plus tard, GL Solutions compte 5 administrateurs r\u00e9seaux, 1 charg\u00e9e de communication et 1 assistante de gestion.\u00a0<\/p>\n<p><!-- \/wp:paragraph --><\/p>\n<\/div>\n<\/div>\t\t\t\t\t\t\t\t<\/div>\n\t\t\t\t<\/div>\n\t\t\t\t\t<\/div>\n\t\t<\/div>\n\t\t\t\t<div class=\"elementor-column elementor-col-50 elementor-top-column elementor-element elementor-element-049d872\" data-id=\"049d872\" data-element_type=\"column\" data-e-type=\"column\">\n\t\t\t<div class=\"elementor-widget-wrap elementor-element-populated\">\n\t\t\t\t\t\t<div class=\"elementor-element elementor-element-15226b1 elementor-widget elementor-widget-image\" data-id=\"15226b1\" data-element_type=\"widget\" data-e-type=\"widget\" data-widget_type=\"image.default\">\n\t\t\t\t<div class=\"elementor-widget-container\">\n\t\t\t\t\t\t\t\t\t\t\t\t\t\t\t<img fetchpriority=\"high\" decoding=\"async\" width=\"750\" height=\"480\" src=\"https:\/\/gl.solutions\/wp-content\/uploads\/2024\/05\/Design-sans-titre-1-1024x655.png\" class=\"attachment-large size-large wp-image-533\" alt=\"\" srcset=\"https:\/\/gl.solutions\/wp-content\/uploads\/2024\/05\/Design-sans-titre-1-1024x655.png 1024w, https:\/\/gl.solutions\/wp-content\/uploads\/2024\/05\/Design-sans-titre-1-300x192.png 300w, https:\/\/gl.solutions\/wp-content\/uploads\/2024\/05\/Design-sans-titre-1-768x492.png 768w, https:\/\/gl.solutions\/wp-content\/uploads\/2024\/05\/Design-sans-titre-1-1536x983.png 1536w, https:\/\/gl.solutions\/wp-content\/uploads\/2024\/05\/Design-sans-titre-1-2048x1311.png 2048w\" sizes=\"(max-width: 750px) 100vw, 750px\" \/>\t\t\t\t\t\t\t\t\t\t\t\t\t\t\t<\/div>\n\t\t\t\t<\/div>\n\t\t\t\t\t<\/div>\n\t\t<\/div>\n\t\t\t\t\t<\/div>\n\t\t<\/section>\n\t\t\t\t<section class=\"elementor-section elementor-top-section elementor-element elementor-element-5b03ff6 elementor-section-boxed elementor-section-height-default elementor-section-height-default\" data-id=\"5b03ff6\" data-element_type=\"section\" data-e-type=\"section\">\n\t\t\t\t\t\t<div class=\"elementor-container elementor-column-gap-default\">\n\t\t\t\t\t<div class=\"elementor-column elementor-col-100 elementor-top-column elementor-element elementor-element-bd66bcf\" data-id=\"bd66bcf\" data-element_type=\"column\" data-e-type=\"column\">\n\t\t\t<div class=\"elementor-widget-wrap elementor-element-populated\">\n\t\t\t\t\t\t<div class=\"elementor-element elementor-element-2c289d1 elementor-widget__width-initial elementor-widget elementor-widget-shortcode\" data-id=\"2c289d1\" data-element_type=\"widget\" data-e-type=\"widget\" data-widget_type=\"shortcode.default\">\n\t\t\t\t<div class=\"elementor-widget-container\">\n\t\t\t\t\t\t\t<div class=\"elementor-shortcode\"><div class=\"wp-gr rpi wpac\" data-id=\"510\" data-layout=\"slider\" data-exec=\"false\" data-options='{&quot;text_size&quot;:&quot;&quot;,&quot;trans&quot;:{&quot;read more&quot;:&quot;plus&quot;}}'><svg xmlns=\"http:\/\/www.w3.org\/2000\/svg\" style=\"display:none!important\"><symbol id=\"grw-tripadvisor\" viewBox=\"0 0 713.496 713.496\"><g><circle fill=\"#34E0A1\" cx=\"356.749\" cy=\"356.748\" r=\"356.748\"\/><path d=\"M577.095,287.152l43.049-46.836h-95.465c-47.792-32.646-105.51-51.659-167.931-51.659   c-62.342,0-119.899,19.054-167.612,51.659H93.432l43.049,46.836c-26.387,24.075-42.929,58.754-42.929,97.259   c0,72.665,58.914,131.578,131.579,131.578c34.519,0,65.968-13.313,89.446-35.077l42.172,45.919l42.172-45.879   c23.478,21.764,54.887,35.037,89.406,35.037c72.665,0,131.658-58.913,131.658-131.578   C620.024,345.866,603.483,311.188,577.095,287.152z M225.17,473.458c-49.188,0-89.047-39.859-89.047-89.047   s39.86-89.048,89.047-89.048c49.187,0,89.047,39.86,89.047,89.048S274.357,473.458,225.17,473.458z M356.788,381.82   c0-58.595-42.61-108.898-98.853-130.383c30.413-12.716,63.776-19.771,98.813-19.771s68.439,7.055,98.853,19.771   C399.399,272.962,356.788,323.226,356.788,381.82z M488.367,473.458c-49.188,0-89.048-39.859-89.048-89.047   s39.86-89.048,89.048-89.048s89.047,39.86,89.047,89.048S537.554,473.458,488.367,473.458z M488.367,337.694   c-25.79,0-46.677,20.887-46.677,46.677c0,25.789,20.887,46.676,46.677,46.676c25.789,0,46.676-20.887,46.676-46.676   C535.042,358.621,514.156,337.694,488.367,337.694z M271.846,384.411c0,25.789-20.887,46.676-46.676,46.676   s-46.676-20.887-46.676-46.676c0-25.79,20.887-46.677,46.676-46.677C250.959,337.694,271.846,358.621,271.846,384.411z\"\/><\/g><\/symbol><symbol id=\"grw-google\" viewBox=\"0 0 512 512\"><g fill=\"none\" fill-rule=\"evenodd\"><path d=\"M482.56 261.36c0-16.73-1.5-32.83-4.29-48.27H256v91.29h127.01c-5.47 29.5-22.1 54.49-47.09 71.23v59.21h76.27c44.63-41.09 70.37-101.59 70.37-173.46z\" fill=\"#4285f4\"\/><path d=\"M256 492c63.72 0 117.14-21.13 156.19-57.18l-76.27-59.21c-21.13 14.16-48.17 22.53-79.92 22.53-61.47 0-113.49-41.51-132.05-97.3H45.1v61.15c38.83 77.13 118.64 130.01 210.9 130.01z\" fill=\"#34a853\"\/><path d=\"M123.95 300.84c-4.72-14.16-7.4-29.29-7.4-44.84s2.68-30.68 7.4-44.84V150.01H45.1C29.12 181.87 20 217.92 20 256c0 38.08 9.12 74.13 25.1 105.99l78.85-61.15z\" fill=\"#fbbc05\"\/><path d=\"M256 113.86c34.65 0 65.76 11.91 90.22 35.29l67.69-67.69C373.03 43.39 319.61 20 256 20c-92.25 0-172.07 52.89-210.9 130.01l78.85 61.15c18.56-55.78 70.59-97.3 132.05-97.3z\" fill=\"#ea4335\"\/><path d=\"M20 20h472v472H20V20z\"\/><\/g><\/symbol><\/svg><div class=\"grw-row grw-row-m\" data-options='{\"speed\":3,\"autoplay\":true,\"mousestop\":true,\"breakpoints\":\"\"}'><div class=\"grw-header\"><div class=\"grw-header-inner rpi-flx rpi-row12\"><div class=\"grw-img-wrap\"><img loading=\"lazy\" decoding=\"async\" class=\"grw-img\" src=\"https:\/\/lh3.googleusercontent.com\/places\/ANXAkqH5cUpB-4AKkMsYP2ih3GR16H0usCJU7EFugCs1nUC8l0hlG_w1CfygwAIGqbyzzNof70Cbcy0_3o4bRjfkYvx8LGDfkFp3vBE=s1600-w300-h300\" loading=\"lazy\" alt=\"GL SOLUTIONS place picture\" width=\"50\" height=\"50\" onerror=\"if(this.src!='data:image\/gif;base64,R0lGODlhAQABAIAAAAAAAP\/\/\/yH5BAEAAAAALAAAAAABAAEAAAIBRAA7')this.src='data:image\/gif;base64,R0lGODlhAQABAIAAAAAAAP\/\/\/yH5BAEAAAAALAAAAAABAAEAAAIBRAA7';\" ><\/div><div class=\"rpi-flx rpi-col8\"><div class=\"wp-google-name\"><a href=\"https:\/\/maps.google.com\/?cid=7388548945666302911\" target=\"_blank\" rel=\"nofollow noopener\">GL SOLUTIONS<\/a><\/div><span class=\"rpi-stars\" style=\"--rating:5.0\">5.0<\/span><div class=\"wp-google-based\">Bas\u00e9 sur 41 avis<\/div><div class=\"wp-google-powered\">powered by <span><span style=\"color:#3c6df0!important\">G<\/span><span style=\"color:#d93025!important\">o<\/span><span style=\"color:#fb8e28!important\">o<\/span><span style=\"color:#3c6df0!important\">g<\/span><span style=\"color:#188038!important\">l<\/span><span style=\"color:#d93025!important\">e<\/span><\/span><\/div><div class=\"wp-google-wr\"><a href=\"https:\/\/search.google.com\/local\/writereview?placeid=ChIJI0Z8wiDUEUgRv-MGsB5miWY\" target=\"_blank\" rel=\"nofollow noopener\" onclick=\"return rplg_leave_review_window.call(this)\">notez-nous sur<svg height=\"16\" width=\"16\" role=\"none\"><use href=\"#grw-google\"><\/use><\/svg><\/a><\/div><\/div><\/div><\/div><div class=\"rpi-slides-root grw-content\"><div class=\"grw-content-inner\"><button class=\"rpi-ltgt rpi-lt grw-prev\" tabindex=\"0\"><\/button><div class=\"rpi-slides grw-reviews rpi-slides-bite\" data-count=\"9\" data-offset=\"9\"><div class=\"rpi-slide grw-review\"><div class=\"rpi-flx rpi-col12 grw-review-inner grw-backgnd grw-round\"><div class=\"rpi-flx rpi-row12-center\"><div class=\"grw-img-wrap\"><img loading=\"lazy\" decoding=\"async\" class=\"grw-img\" src=\"https:\/\/lh3.googleusercontent.com\/a-\/ALV-UjVV7Mn2LjDMFDvcj8kSRkwFMgg8dY2ZrnGovLKaY161qPq6LQp-Mg=s128-c0x00000000-cc-rp-mo\" loading=\"lazy\" alt=\"Johann Blanchard profile picture\" width=\"50\" height=\"50\" onerror=\"if(this.src!='https:\/\/gl.solutions\/wp-content\/plugins\/widget-google-reviews\/assets\/img\/guest.png')this.src='https:\/\/gl.solutions\/wp-content\/plugins\/widget-google-reviews\/assets\/img\/guest.png';\" ><\/div><div class=\"rpi-flx rpi-col6\"><a href=\"https:\/\/www.google.com\/maps\/contrib\/114914263088025592265\/reviews\" class=\"wp-google-name\" target=\"_blank\" rel=\"nofollow noopener\">Johann Blanchard<\/a><div class=\"wp-google-time\" data-time=\"1701849250\">07:54 06 Dec 23<\/div><\/div><\/div><span class=\"rpi-stars\" style=\"--rating:5\"><\/span><div class=\"rpi-flx rpi-col4\"><div class=\"wp-google-feedback grw-scroll\" ><span class=\"wp-google-text\">\u00c9quipe \u00e0 l'\u00e9coute de ses clients,<br \/>Professionnalisme, \u00e9coute, et rigueur sont les mots cl\u00e9s de la soci\u00e9t\u00e9.<br \/>Merci \u00e0 vous GL Solutions.<\/span><\/div><\/div><svg height=\"16\" width=\"16\" role=\"none\"><use href=\"#grw-google\"\/><\/svg><\/div><\/div><div class=\"rpi-slide grw-review\"><div class=\"rpi-flx rpi-col12 grw-review-inner grw-backgnd grw-round\"><div class=\"rpi-flx rpi-row12-center\"><div class=\"grw-img-wrap\"><img loading=\"lazy\" decoding=\"async\" class=\"grw-img\" src=\"https:\/\/lh3.googleusercontent.com\/a-\/ALV-UjUfjRaK9ZnTI3l7JgCehInfUbfhbTB_rHtT8QhisLTtfH3P1uOh=s128-c0x00000000-cc-rp-mo-ba4\" loading=\"lazy\" alt=\"Lydia Rissel profile picture\" width=\"50\" height=\"50\" onerror=\"if(this.src!='https:\/\/gl.solutions\/wp-content\/plugins\/widget-google-reviews\/assets\/img\/guest.png')this.src='https:\/\/gl.solutions\/wp-content\/plugins\/widget-google-reviews\/assets\/img\/guest.png';\" ><\/div><div class=\"rpi-flx rpi-col6\"><a href=\"https:\/\/www.google.com\/maps\/contrib\/114524075985811151053\/reviews\" class=\"wp-google-name\" target=\"_blank\" rel=\"nofollow noopener\">Lydia Rissel<\/a><div class=\"wp-google-time\" data-time=\"1686470074\">07:54 11 Jun 23<\/div><\/div><\/div><span class=\"rpi-stars\" style=\"--rating:5\"><\/span><div class=\"rpi-flx rpi-col4\"><div class=\"wp-google-feedback grw-scroll\" ><span class=\"wp-google-text\">Disponible, efficace,des vrais pros.<\/span><\/div><\/div><svg height=\"16\" width=\"16\" role=\"none\"><use href=\"#grw-google\"\/><\/svg><\/div><\/div><div class=\"rpi-slide grw-review\"><div class=\"rpi-flx rpi-col12 grw-review-inner grw-backgnd grw-round\"><div class=\"rpi-flx rpi-row12-center\"><div class=\"grw-img-wrap\"><img loading=\"lazy\" decoding=\"async\" class=\"grw-img\" src=\"https:\/\/lh3.googleusercontent.com\/a\/ACg8ocID74CGMuHHIpYCc6UqDB6rNbHdobRMG8vhwEH6sXGF6Vsl=s128-c0x00000000-cc-rp-mo\" loading=\"lazy\" alt=\"Gamo Jogo profile picture\" width=\"50\" height=\"50\" onerror=\"if(this.src!='https:\/\/gl.solutions\/wp-content\/plugins\/widget-google-reviews\/assets\/img\/guest.png')this.src='https:\/\/gl.solutions\/wp-content\/plugins\/widget-google-reviews\/assets\/img\/guest.png';\" ><\/div><div class=\"rpi-flx rpi-col6\"><a href=\"https:\/\/www.google.com\/maps\/contrib\/106398443891268491190\/reviews\" class=\"wp-google-name\" target=\"_blank\" rel=\"nofollow noopener\">Gamo Jogo<\/a><div class=\"wp-google-time\" data-time=\"1652904497\">20:08 18 May 22<\/div><\/div><\/div><span class=\"rpi-stars\" style=\"--rating:5\"><\/span><div class=\"rpi-flx rpi-col4\"><div class=\"wp-google-feedback grw-scroll\" ><\/div><\/div><svg height=\"16\" width=\"16\" role=\"none\"><use href=\"#grw-google\"\/><\/svg><\/div><\/div><div class=\"rpi-slide grw-review\"><div class=\"rpi-flx rpi-col12 grw-review-inner grw-backgnd grw-round\"><div class=\"rpi-flx rpi-row12-center\"><div class=\"grw-img-wrap\"><img loading=\"lazy\" decoding=\"async\" class=\"grw-img\" src=\"https:\/\/lh3.googleusercontent.com\/a-\/ALV-UjX1LuFlUzZOoN_TmJ8HZjYY12uS3tCc7W6yI8Pvxwb3x0hP89Y=s128-c0x00000000-cc-rp-mo\" loading=\"lazy\" alt=\"Frantz Gandubert profile picture\" width=\"50\" height=\"50\" onerror=\"if(this.src!='https:\/\/gl.solutions\/wp-content\/plugins\/widget-google-reviews\/assets\/img\/guest.png')this.src='https:\/\/gl.solutions\/wp-content\/plugins\/widget-google-reviews\/assets\/img\/guest.png';\" ><\/div><div class=\"rpi-flx rpi-col6\"><a href=\"https:\/\/www.google.com\/maps\/contrib\/114813897718547740161\/reviews\" class=\"wp-google-name\" target=\"_blank\" rel=\"nofollow noopener\">Frantz Gandubert<\/a><div class=\"wp-google-time\" data-time=\"1652340980\">07:36 12 May 22<\/div><\/div><\/div><span class=\"rpi-stars\" style=\"--rating:5\"><\/span><div class=\"rpi-flx rpi-col4\"><div class=\"wp-google-feedback grw-scroll\" ><span class=\"wp-google-text\">Collaboration fonctionnelle et efficiente, \u00e9quipe disponible et sympathique.<\/span><\/div><\/div><svg height=\"16\" width=\"16\" role=\"none\"><use href=\"#grw-google\"\/><\/svg><\/div><\/div><div class=\"rpi-slide grw-review\"><div class=\"rpi-flx rpi-col12 grw-review-inner grw-backgnd grw-round\"><div class=\"rpi-flx rpi-row12-center\"><div class=\"grw-img-wrap\"><img loading=\"lazy\" decoding=\"async\" class=\"grw-img\" src=\"https:\/\/lh3.googleusercontent.com\/a\/ACg8ocLYJCC61goXoPUdItgMp7LPgkajvoH79650_JB-ls4J06FpxA=s128-c0x00000000-cc-rp-mo\" loading=\"lazy\" alt=\"AGENDA MAIRIE CLEGUEREC profile picture\" width=\"50\" height=\"50\" onerror=\"if(this.src!='https:\/\/gl.solutions\/wp-content\/plugins\/widget-google-reviews\/assets\/img\/guest.png')this.src='https:\/\/gl.solutions\/wp-content\/plugins\/widget-google-reviews\/assets\/img\/guest.png';\" ><\/div><div class=\"rpi-flx rpi-col6\"><a href=\"https:\/\/www.google.com\/maps\/contrib\/101814735953744119622\/reviews\" class=\"wp-google-name\" target=\"_blank\" rel=\"nofollow noopener\">AGENDA MAIRIE CLEGUEREC<\/a><div class=\"wp-google-time\" data-time=\"1651820751\">07:05 06 May 22<\/div><\/div><\/div><span class=\"rpi-stars\" style=\"--rating:5\"><\/span><div class=\"rpi-flx rpi-col4\"><div class=\"wp-google-feedback grw-scroll\" ><span class=\"wp-google-text\">\u00c9quipe tr\u00e8s professionnelle et tr\u00e8s r\u00e9active<\/span><\/div><\/div><svg height=\"16\" width=\"16\" role=\"none\"><use href=\"#grw-google\"\/><\/svg><\/div><\/div><div class=\"rpi-slide grw-review\"><div class=\"rpi-flx rpi-col12 grw-review-inner grw-backgnd grw-round\"><div class=\"rpi-flx rpi-row12-center\"><div class=\"grw-img-wrap\"><img loading=\"lazy\" decoding=\"async\" class=\"grw-img\" src=\"https:\/\/lh3.googleusercontent.com\/a\/ACg8ocLUhs3CAOWhECS1Bv20X9Fiefgct2SxWfuNCLEaRkjHIyHPZQ=s128-c0x00000000-cc-rp-mo-ba4\" loading=\"lazy\" alt=\"Maeva L. profile picture\" width=\"50\" height=\"50\" onerror=\"if(this.src!='https:\/\/gl.solutions\/wp-content\/plugins\/widget-google-reviews\/assets\/img\/guest.png')this.src='https:\/\/gl.solutions\/wp-content\/plugins\/widget-google-reviews\/assets\/img\/guest.png';\" ><\/div><div class=\"rpi-flx rpi-col6\"><a href=\"https:\/\/www.google.com\/maps\/contrib\/102922527972570691027\/reviews\" class=\"wp-google-name\" target=\"_blank\" rel=\"nofollow noopener\">Maeva L.<\/a><div class=\"wp-google-time\" data-time=\"1651750942\">11:42 05 May 22<\/div><\/div><\/div><span class=\"rpi-stars\" style=\"--rating:5\"><\/span><div class=\"rpi-flx rpi-col4\"><div class=\"wp-google-feedback grw-scroll\" ><span class=\"wp-google-text\">Notre entreprise a la chance de travailler avec gl solution depuis plusieurs mois. Quel soulagement ! De vrais professionnels a l'\u00e9coute et qui donnent des explications claires et pr\u00e9cises. Leur proximit\u00e9 est un vrai plus.<\/span><\/div><\/div><svg height=\"16\" width=\"16\" role=\"none\"><use href=\"#grw-google\"\/><\/svg><\/div><\/div><div class=\"rpi-slide grw-review\"><div class=\"rpi-flx rpi-col12 grw-review-inner grw-backgnd grw-round\"><div class=\"rpi-flx rpi-row12-center\"><div class=\"grw-img-wrap\"><img loading=\"lazy\" decoding=\"async\" class=\"grw-img\" src=\"https:\/\/lh3.googleusercontent.com\/a-\/ALV-UjUERTIU7PGePqshkLvMpgxGI2E5FBiLBo2LgAGru0T4K2-VUMoc=s128-c0x00000000-cc-rp-mo\" loading=\"lazy\" alt=\"Jo profile picture\" width=\"50\" height=\"50\" onerror=\"if(this.src!='https:\/\/gl.solutions\/wp-content\/plugins\/widget-google-reviews\/assets\/img\/guest.png')this.src='https:\/\/gl.solutions\/wp-content\/plugins\/widget-google-reviews\/assets\/img\/guest.png';\" ><\/div><div class=\"rpi-flx rpi-col6\"><a href=\"https:\/\/www.google.com\/maps\/contrib\/116807710980041397057\/reviews\" class=\"wp-google-name\" target=\"_blank\" rel=\"nofollow noopener\">Jo<\/a><div class=\"wp-google-time\" data-time=\"1651750174\">11:29 05 May 22<\/div><\/div><\/div><span class=\"rpi-stars\" style=\"--rating:5\"><\/span><div class=\"rpi-flx rpi-col4\"><div class=\"wp-google-feedback grw-scroll\" ><span class=\"wp-google-text\">J'ai fait l'exp\u00e9rience d'un excellent service ici en Allemagne de la part de GL Solutions. Lorsqu'il y avait des probl\u00e8mes, ils \u00e9taient trait\u00e9s rapidement et une solution rapide \u00e9tait toujours trouv\u00e9e. Tr\u00e8s louable !<\/span><\/div><\/div><svg height=\"16\" width=\"16\" role=\"none\"><use href=\"#grw-google\"\/><\/svg><\/div><\/div><div class=\"rpi-slide grw-review\"><div class=\"rpi-flx rpi-col12 grw-review-inner grw-backgnd grw-round\"><div class=\"rpi-flx rpi-row12-center\"><div class=\"grw-img-wrap\"><img loading=\"lazy\" decoding=\"async\" class=\"grw-img\" src=\"https:\/\/lh3.googleusercontent.com\/a\/ACg8ocKjGxLRXJCnRU_pzTcAOK9-avTNnF4NA_km4VdWVORFarUucA=s128-c0x00000000-cc-rp-mo\" loading=\"lazy\" alt=\"S\u00e9verine Rith\u00e9 profile picture\" width=\"50\" height=\"50\" onerror=\"if(this.src!='https:\/\/gl.solutions\/wp-content\/plugins\/widget-google-reviews\/assets\/img\/guest.png')this.src='https:\/\/gl.solutions\/wp-content\/plugins\/widget-google-reviews\/assets\/img\/guest.png';\" ><\/div><div class=\"rpi-flx rpi-col6\"><a href=\"https:\/\/www.google.com\/maps\/contrib\/102407974289938502207\/reviews\" class=\"wp-google-name\" target=\"_blank\" rel=\"nofollow noopener\">S\u00e9verine Rith\u00e9<\/a><div class=\"wp-google-time\" data-time=\"1645434034\">09:00 21 Feb 22<\/div><\/div><\/div><span class=\"rpi-stars\" style=\"--rating:5\"><\/span><div class=\"rpi-flx rpi-col4\"><div class=\"wp-google-feedback grw-scroll\" ><span class=\"wp-google-text\">En plus d'\u00eatre r\u00e9active et efficace, l'\u00e9quipe de GL Solutions est tr\u00e8s sympa ! Une aide pr\u00e9cieuse au quotidien pour la gestion et la maintenance de notre r\u00e9seau informatique.<\/span><\/div><\/div><svg height=\"16\" width=\"16\" role=\"none\"><use href=\"#grw-google\"\/><\/svg><\/div><\/div><div class=\"rpi-slide grw-review\"><div class=\"rpi-flx rpi-col12 grw-review-inner grw-backgnd grw-round\"><div class=\"rpi-flx rpi-row12-center\"><div class=\"grw-img-wrap\"><img loading=\"lazy\" decoding=\"async\" class=\"grw-img\" src=\"https:\/\/lh3.googleusercontent.com\/a\/ACg8ocKSL0_2qvNpExzOQXcIa0VWX653cW3gtNrFU6rIwmbzi7yedg=s128-c0x00000000-cc-rp-mo\" loading=\"lazy\" alt=\"Baptiste Le Forestier profile picture\" width=\"50\" height=\"50\" onerror=\"if(this.src!='https:\/\/gl.solutions\/wp-content\/plugins\/widget-google-reviews\/assets\/img\/guest.png')this.src='https:\/\/gl.solutions\/wp-content\/plugins\/widget-google-reviews\/assets\/img\/guest.png';\" ><\/div><div class=\"rpi-flx rpi-col6\"><a href=\"https:\/\/www.google.com\/maps\/contrib\/101250192671295130974\/reviews\" class=\"wp-google-name\" target=\"_blank\" rel=\"nofollow noopener\">Baptiste Le Forestier<\/a><div class=\"wp-google-time\" data-time=\"1643894028\">13:13 03 Feb 22<\/div><\/div><\/div><span class=\"rpi-stars\" style=\"--rating:5\"><\/span><div class=\"rpi-flx rpi-col4\"><div class=\"wp-google-feedback grw-scroll\" ><span class=\"wp-google-text\">GL Solutions m'a accompagn\u00e9 au niveau du mat\u00e9riel, dans la partie personnelle mais \u00e9galement professionnelle. L'\u00e9quipe est tr\u00e8s r\u00e9active, comp\u00e9tente et tr\u00e8s accessible. je recommande vivement.<\/span><\/div><\/div><svg height=\"16\" width=\"16\" role=\"none\"><use href=\"#grw-google\"\/><\/svg><\/div><\/div><\/div><button class=\"rpi-ltgt rpi-gt grw-next\" tabindex=\"0\"><\/button><div class=\"rpi-dots-wrap\"><div class=\"rpi-dots\"><\/div><\/div><\/div><\/div><\/div><script>(function(p){if(!p)return;let w=p.offsetWidth,m=function(a,b){return Math.min(a,b)===a};p.querySelector('.grw-row').classList.replace('grw-row-m','grw-row-'+(m(w,510)?'xs':m(w,750)?'x':m(w,1100)?'s':m(w,1450)?'m':m(w,1800)?'l':'xl'))})(document.currentScript?.parentElement)<\/script><\/div><\/div>\n\t\t\t\t\t\t<\/div>\n\t\t\t\t<\/div>\n\t\t\t\t\t<\/div>\n\t\t<\/div>\n\t\t\t\t\t<\/div>\n\t\t<\/section>\n\t\t\t\t<\/div>\n\t\t","protected":false},"excerpt":{"rendered":"<p>Tout savoir sur l&rsquo;entreprise GL Solutions En 2017, Gurvan Loncle d\u00e9cide de lancer son entreprise, pour subvenir aux besoins grandissants de ses futurs clients. Depuis cette cr\u00e9ation, GL Solutions d\u00e9veloppe et am\u00e9liore le parc informatique de ses clients. \u00c0 l&rsquo;\u00e9coute, nos administrateurs syst\u00e8mes sont l\u00e0 pour r\u00e9pondre aux questions et [&hellip;]<\/p>\n","protected":false},"author":1,"featured_media":154,"parent":0,"menu_order":0,"comment_status":"closed","ping_status":"closed","template":"","meta":{"footnotes":""},"class_list":["post-24","page","type-page","status-publish","has-post-thumbnail","hentry"],"_links":{"self":[{"href":"https:\/\/gl.solutions\/index.php\/wp-json\/wp\/v2\/pages\/24","targetHints":{"allow":["GET"]}}],"collection":[{"href":"https:\/\/gl.solutions\/index.php\/wp-json\/wp\/v2\/pages"}],"about":[{"href":"https:\/\/gl.solutions\/index.php\/wp-json\/wp\/v2\/types\/page"}],"author":[{"embeddable":true,"href":"https:\/\/gl.solutions\/index.php\/wp-json\/wp\/v2\/users\/1"}],"replies":[{"embeddable":true,"href":"https:\/\/gl.solutions\/index.php\/wp-json\/wp\/v2\/comments?post=24"}],"version-history":[{"count":109,"href":"https:\/\/gl.solutions\/index.php\/wp-json\/wp\/v2\/pages\/24\/revisions"}],"predecessor-version":[{"id":708,"href":"https:\/\/gl.solutions\/index.php\/wp-json\/wp\/v2\/pages\/24\/revisions\/708"}],"wp:featuredmedia":[{"embeddable":true,"href":"https:\/\/gl.solutions\/index.php\/wp-json\/wp\/v2\/media\/154"}],"wp:attachment":[{"href":"https:\/\/gl.solutions\/index.php\/wp-json\/wp\/v2\/media?parent=24"}],"curies":[{"name":"wp","href":"https:\/\/api.w.org\/{rel}","templated":true}]}}